

{"id":1355,"date":"2024-02-22T11:04:46","date_gmt":"2024-02-22T10:04:46","guid":{"rendered":"https:\/\/www.stelledilacona.it\/prenota\/"},"modified":"2026-02-20T11:05:21","modified_gmt":"2026-02-20T10:05:21","slug":"reservieren","status":"publish","type":"page","link":"https:\/\/www.stelledilacona.it\/de\/reservieren\/","title":{"rendered":"Reservieren"},"content":{"rendered":"\t\t<div data-elementor-type=\"wp-page\" data-elementor-id=\"1355\" class=\"elementor elementor-1355 elementor-1051\">\n\t\t\t\t\t\t<section class=\"elementor-section elementor-top-section elementor-element elementor-element-e57519d elementor-section-boxed elementor-section-height-default elementor-section-height-default\" data-id=\"e57519d\" data-element_type=\"section\" data-e-type=\"section\" data-settings=\"{&quot;hoteller_ext_is_background_parallax&quot;:&quot;false&quot;,&quot;hoteller_ext_is_background_on_scroll&quot;:&quot;false&quot;}\">\n\t\t\t\t\t\t<div class=\"elementor-container elementor-column-gap-default\">\n\t\t\t\t\t<div class=\"elementor-column elementor-col-50 elementor-top-column elementor-element elementor-element-03a5909\" data-id=\"03a5909\" data-element_type=\"column\" data-e-type=\"column\" data-settings=\"{&quot;hoteller_ext_link_sidemenu&quot;:&quot;false&quot;,&quot;hoteller_ext_link_fullmenu&quot;:&quot;false&quot;,&quot;hoteller_ext_link_closed_fullmenu&quot;:&quot;false&quot;,&quot;hoteller_ext_is_scrollme&quot;:&quot;false&quot;,&quot;hoteller_ext_is_parallax_mouse&quot;:&quot;false&quot;,&quot;hoteller_ext_is_infinite&quot;:&quot;false&quot;,&quot;hoteller_ext_is_fadeout_animation&quot;:&quot;false&quot;,&quot;hoteller_ext_mobile_static&quot;:&quot;false&quot;}\">\n\t\t\t<div class=\"elementor-widget-wrap elementor-element-populated\">\n\t\t\t\t\t\t<div class=\"elementor-element elementor-element-7e8209e elementor-widget elementor-widget-heading\" data-id=\"7e8209e\" data-element_type=\"widget\" data-e-type=\"widget\" data-settings=\"{&quot;hoteller_ext_link_sidemenu&quot;:&quot;false&quot;,&quot;hoteller_ext_link_fullmenu&quot;:&quot;false&quot;,&quot;hoteller_ext_link_closed_fullmenu&quot;:&quot;false&quot;,&quot;hoteller_ext_is_scrollme&quot;:&quot;false&quot;,&quot;hoteller_ext_is_smoove&quot;:&quot;false&quot;,&quot;hoteller_ext_is_parallax_mouse&quot;:&quot;false&quot;,&quot;hoteller_ext_is_infinite&quot;:&quot;false&quot;,&quot;hoteller_ext_is_fadeout_animation&quot;:&quot;false&quot;,&quot;hoteller_ext_mobile_static&quot;:&quot;false&quot;}\" data-widget_type=\"heading.default\">\n\t\t\t\t<div class=\"elementor-widget-container\">\n\t\t\t\t\t<h1 class=\"elementor-heading-title elementor-size-default\">Reservieren<\/h1>\t\t\t\t<\/div>\n\t\t\t\t<\/div>\n\t\t\t\t<div class=\"elementor-element elementor-element-ef72871 elementor-widget elementor-widget-shortcode\" data-id=\"ef72871\" data-element_type=\"widget\" data-e-type=\"widget\" data-settings=\"{&quot;hoteller_ext_link_sidemenu&quot;:&quot;false&quot;,&quot;hoteller_ext_link_fullmenu&quot;:&quot;false&quot;,&quot;hoteller_ext_link_closed_fullmenu&quot;:&quot;false&quot;,&quot;hoteller_ext_is_scrollme&quot;:&quot;false&quot;,&quot;hoteller_ext_is_smoove&quot;:&quot;false&quot;,&quot;hoteller_ext_is_parallax_mouse&quot;:&quot;false&quot;,&quot;hoteller_ext_is_infinite&quot;:&quot;false&quot;,&quot;hoteller_ext_is_fadeout_animation&quot;:&quot;false&quot;,&quot;hoteller_ext_mobile_static&quot;:&quot;false&quot;}\" data-widget_type=\"shortcode.default\">\n\t\t\t\t<div class=\"elementor-widget-container\">\n\t\t\t\t\t\t\t<div class=\"elementor-shortcode\">\n<div class=\"wpcf7 no-js\" id=\"wpcf7-f1408-o1\" lang=\"de-DE\" dir=\"ltr\" data-wpcf7-id=\"1408\">\n<div class=\"screen-reader-response\"><p role=\"status\" aria-live=\"polite\" aria-atomic=\"true\"><\/p> <ul><\/ul><\/div>\n<form action=\"\/de\/wp-json\/wp\/v2\/pages\/1355#wpcf7-f1408-o1\" method=\"post\" class=\"wpcf7-form init\" aria-label=\"Kontaktformular\" novalidate=\"novalidate\" data-status=\"init\">\n<fieldset class=\"hidden-fields-container\"><input type=\"hidden\" name=\"_wpcf7\" value=\"1408\" \/><input type=\"hidden\" name=\"_wpcf7_version\" value=\"6.1.5\" \/><input type=\"hidden\" name=\"_wpcf7_locale\" value=\"de_DE\" \/><input type=\"hidden\" name=\"_wpcf7_unit_tag\" value=\"wpcf7-f1408-o1\" \/><input type=\"hidden\" name=\"_wpcf7_container_post\" value=\"0\" \/><input type=\"hidden\" name=\"_wpcf7_posted_data_hash\" value=\"\" \/>\n<\/fieldset>\n<div class=\"row\">\n\t<div class=\"column\">\n\t\t<p><label for=\"nome\">Name*<\/label><br \/>\n<span class=\"wpcf7-form-control-wrap\" data-name=\"nome\"><input size=\"40\" maxlength=\"400\" class=\"wpcf7-form-control wpcf7-text wpcf7-validates-as-required\" id=\"nome\" aria-required=\"true\" aria-invalid=\"false\" value=\"\" type=\"text\" name=\"nome\" \/><\/span>\n\t\t<\/p>\n\t<\/div>\n\t<div class=\"column\">\n\t\t<p><label for=\"cognome\">Nachname*<\/label><br \/>\n<span class=\"wpcf7-form-control-wrap\" data-name=\"cognome\"><input size=\"40\" maxlength=\"400\" class=\"wpcf7-form-control wpcf7-text wpcf7-validates-as-required\" id=\"cognome\" aria-required=\"true\" aria-invalid=\"false\" value=\"\" type=\"text\" name=\"cognome\" \/><\/span>\n\t\t<\/p>\n\t<\/div>\n<\/div>\n<div class=\"row\">\n\t<div class=\"column\">\n\t\t<p><label for=\"mail\">E-Mail*<\/label><br \/>\n<span class=\"wpcf7-form-control-wrap\" data-name=\"mail\"><input size=\"40\" maxlength=\"400\" class=\"wpcf7-form-control wpcf7-email wpcf7-validates-as-required wpcf7-text wpcf7-validates-as-email\" id=\"mail\" aria-required=\"true\" aria-invalid=\"false\" value=\"\" type=\"email\" name=\"mail\" \/><\/span>\n\t\t<\/p>\n\t<\/div>\n\t<div class=\"column\">\n\t\t<p><label for=\"telefono\">Telefon*<\/label><br \/>\n<span class=\"wpcf7-form-control-wrap\" data-name=\"telefono\"><input size=\"40\" maxlength=\"400\" class=\"wpcf7-form-control wpcf7-tel wpcf7-validates-as-required wpcf7-text wpcf7-validates-as-tel\" id=\"telefono\" aria-required=\"true\" aria-invalid=\"false\" value=\"\" type=\"tel\" name=\"telefono\" \/><\/span>\n\t\t<\/p>\n\t<\/div>\n<\/div>\n<div class=\"row\">\n\t<div class=\"column\">\n\t\t<p><label for=\"indirizzo\">Adresse<\/label><br \/>\n<span class=\"wpcf7-form-control-wrap\" data-name=\"indirizzo\"><input size=\"40\" maxlength=\"400\" class=\"wpcf7-form-control wpcf7-text\" id=\"indirizzo\" aria-invalid=\"false\" value=\"\" type=\"text\" name=\"indirizzo\" \/><\/span>\n\t\t<\/p>\n\t<\/div>\n\t<div class=\"column\">\n\t\t<p><label for=\"citta\">Stadt<\/label><br \/>\n<span class=\"wpcf7-form-control-wrap\" data-name=\"citta\"><input size=\"40\" maxlength=\"400\" class=\"wpcf7-form-control wpcf7-text\" id=\"citta\" aria-invalid=\"false\" value=\"\" type=\"text\" name=\"citta\" \/><\/span>\n\t\t<\/p>\n\t<\/div>\n<\/div>\n<div class=\"row\">\n\t<div class=\"column\">\n\t\t<p><label for=\"cap\">PLZ<\/label><br \/>\n<span class=\"wpcf7-form-control-wrap\" data-name=\"cap\"><input size=\"40\" maxlength=\"400\" class=\"wpcf7-form-control wpcf7-text\" id=\"cap\" aria-invalid=\"false\" value=\"\" type=\"text\" name=\"cap\" \/><\/span>\n\t\t<\/p>\n\t<\/div>\n\t<div class=\"column\">\n\t\t<p><label for=\"provincia\">Bundesland<\/label><br \/>\n<span class=\"wpcf7-form-control-wrap\" data-name=\"provincia\"><input size=\"40\" maxlength=\"400\" class=\"wpcf7-form-control wpcf7-text\" id=\"provincia\" aria-invalid=\"false\" value=\"\" type=\"text\" name=\"provincia\" \/><\/span>\n\t\t<\/p>\n\t<\/div>\n<\/div>\n<div class=\"row\">\n\t<div class=\"column\">\n\t\t<p><label for=\"data-arrivo\">Ankunftsdatum*<\/label><br \/>\n<span class=\"wpcf7-form-control-wrap\" data-name=\"data-arrivo\"><input class=\"wpcf7-form-control wpcf7-date wpcf7-validates-as-required wpcf7-validates-as-date\" id=\"data-arrivo\" aria-required=\"true\" aria-invalid=\"false\" value=\"\" type=\"date\" name=\"data-arrivo\" \/><\/span>\n\t\t<\/p>\n\t<\/div>\n\t<div class=\"column\">\n\t\t<p><label for=\"data-partenza\">Abreisedatum*<\/label><br \/>\n<span class=\"wpcf7-form-control-wrap\" data-name=\"data-partenza\"><input class=\"wpcf7-form-control wpcf7-date wpcf7-validates-as-required wpcf7-validates-as-date\" id=\"data-partenza\" aria-required=\"true\" aria-invalid=\"false\" value=\"\" type=\"date\" name=\"data-partenza\" \/><\/span>\n\t\t<\/p>\n\t<\/div>\n<\/div>\n<div class=\"row\">\n\t<div class=\"column\">\n\t\t<p><label for=\"numero-persone\">Anzahl der Personen*<\/label><br \/>\n<span class=\"wpcf7-form-control-wrap\" data-name=\"persone\"><select class=\"wpcf7-form-control wpcf7-select wpcf7-validates-as-required\" aria-required=\"true\" aria-invalid=\"false\" name=\"persone\"><option value=\"1\">1<\/option><option value=\"2\">2<\/option><option value=\"3\">3<\/option><option value=\"4\">4<\/option><option value=\"5\">5<\/option><option value=\"6\">6<\/option><\/select><\/span>\n\t\t<\/p>\n\t<\/div>\n<\/div>\n<div class=\"row\">\n\t<div class=\"column\">\n\t\t<p><label for=\"animali\">Haustiere<\/label><br \/>\n<span class=\"wpcf7-form-control-wrap\" data-name=\"animali\"><select class=\"wpcf7-form-control wpcf7-select wpcf7-validates-as-required\" aria-required=\"true\" aria-invalid=\"false\" name=\"animali\"><option value=\"Nein\">Nein<\/option><option value=\"Ja\">Ja<\/option><\/select><\/span>\n\t\t<\/p>\n\t<\/div>\n<\/div>\n<div class=\"row\">\n\t<div class=\"column\">\n\t\t<p><label for=\"tipologia-appartamento\">Wohnungen<\/label><br \/>\n<span class=\"wpcf7-form-control-wrap\" data-name=\"recipient-email\"><select class=\"wpcf7-form-control wpcf7-select wpcf7-validates-as-required\" aria-required=\"true\" aria-invalid=\"false\" name=\"recipient-email\"><option value=\"Wohnungen Marino\">Wohnungen Marino<\/option><option value=\"Wohnungen Il Cavaliere\">Wohnungen Il Cavaliere<\/option><option value=\"Wohnungen Trudy\">Wohnungen Trudy<\/option><\/select><\/span>\n\t\t<\/p>\n\t<\/div>\n<\/div>\n<div class=\"row\">\n\t<div class=\"column\">\n\t\t<p><label for=\"note\">Notizen<\/label><br \/>\n<span class=\"wpcf7-form-control-wrap\" data-name=\"note\"><textarea cols=\"40\" rows=\"10\" maxlength=\"2000\" class=\"wpcf7-form-control wpcf7-textarea\" id=\"note\" aria-invalid=\"false\" name=\"note\"><\/textarea><\/span>\n\t\t<\/p>\n\t<\/div>\n<\/div>\n<div class=\"row\">\n\t<div class=\"column\">\n\t\t<p><label><span class=\"wpcf7-form-control-wrap\" data-name=\"privacy\"><span class=\"wpcf7-form-control wpcf7-acceptance\"><span class=\"wpcf7-list-item\"><input type=\"checkbox\" name=\"privacy\" value=\"1\" aria-invalid=\"false\" \/><\/span><\/span><\/span> Privacy: Die Datenschutzbestimmungen haben ich gelesen und autorisiere Sie zur Verarbeitung meiner personenbezogenen Daten gem\u00e4\u00df der EU-Verordnung 2016\/679. Ich best\u00e4tige, dass ich \u00e4lter als 16 Jahre alt bin. <\/label>\n\t\t<\/p>\n\t<\/div>\n<\/div>\n<div class=\"row\">\n\t<div class=\"column\">\n\t\t<p><input class=\"wpcf7-form-control wpcf7-submit has-spinner\" type=\"submit\" value=\"Senden\" \/>\n\t\t<\/p>\n\t<\/div>\n<\/div><div class=\"wpcf7-response-output\" aria-hidden=\"true\"><\/div>\n<\/form>\n<\/div>\n<\/div>\n\t\t\t\t\t\t<\/div>\n\t\t\t\t<\/div>\n\t\t\t\t\t<\/div>\n\t\t<\/div>\n\t\t\t\t<div class=\"elementor-column elementor-col-50 elementor-top-column elementor-element elementor-element-63bb648\" data-id=\"63bb648\" data-element_type=\"column\" data-e-type=\"column\" data-settings=\"{&quot;hoteller_ext_is_smoove&quot;:&quot;true&quot;,&quot;hoteller_ext_smoove_duration&quot;:800,&quot;hoteller_ext_smoove_translatey&quot;:{&quot;unit&quot;:&quot;px&quot;,&quot;size&quot;:40,&quot;sizes&quot;:[]},&quot;hoteller_ext_link_sidemenu&quot;:&quot;false&quot;,&quot;hoteller_ext_link_fullmenu&quot;:&quot;false&quot;,&quot;hoteller_ext_link_closed_fullmenu&quot;:&quot;false&quot;,&quot;hoteller_ext_is_scrollme&quot;:&quot;false&quot;,&quot;hoteller_ext_smoove_disable&quot;:1,&quot;hoteller_ext_smoove_scalex&quot;:{&quot;unit&quot;:&quot;px&quot;,&quot;size&quot;:1,&quot;sizes&quot;:[]},&quot;hoteller_ext_smoove_scaley&quot;:{&quot;unit&quot;:&quot;px&quot;,&quot;size&quot;:1,&quot;sizes&quot;:[]},&quot;hoteller_ext_smoove_rotatex&quot;:{&quot;unit&quot;:&quot;px&quot;,&quot;size&quot;:0,&quot;sizes&quot;:[]},&quot;hoteller_ext_smoove_rotatey&quot;:{&quot;unit&quot;:&quot;px&quot;,&quot;size&quot;:0,&quot;sizes&quot;:[]},&quot;hoteller_ext_smoove_rotatez&quot;:{&quot;unit&quot;:&quot;px&quot;,&quot;size&quot;:0,&quot;sizes&quot;:[]},&quot;hoteller_ext_smoove_translatex&quot;:{&quot;unit&quot;:&quot;px&quot;,&quot;size&quot;:0,&quot;sizes&quot;:[]},&quot;hoteller_ext_smoove_translatez&quot;:{&quot;unit&quot;:&quot;px&quot;,&quot;size&quot;:0,&quot;sizes&quot;:[]},&quot;hoteller_ext_smoove_skewx&quot;:{&quot;unit&quot;:&quot;px&quot;,&quot;size&quot;:0,&quot;sizes&quot;:[]},&quot;hoteller_ext_smoove_skewy&quot;:{&quot;unit&quot;:&quot;px&quot;,&quot;size&quot;:0,&quot;sizes&quot;:[]},&quot;hoteller_ext_smoove_perspective&quot;:{&quot;unit&quot;:&quot;px&quot;,&quot;size&quot;:1000,&quot;sizes&quot;:[]},&quot;hoteller_ext_is_parallax_mouse&quot;:&quot;false&quot;,&quot;hoteller_ext_is_infinite&quot;:&quot;false&quot;,&quot;hoteller_ext_is_fadeout_animation&quot;:&quot;false&quot;,&quot;hoteller_ext_mobile_static&quot;:&quot;false&quot;}\">\n\t\t\t<div class=\"elementor-widget-wrap elementor-element-populated\">\n\t\t\t\t\t\t<div class=\"elementor-element elementor-element-1e37926 elementor-widget elementor-widget-text-editor\" data-id=\"1e37926\" data-element_type=\"widget\" data-e-type=\"widget\" data-settings=\"{&quot;hoteller_ext_link_sidemenu&quot;:&quot;false&quot;,&quot;hoteller_ext_link_fullmenu&quot;:&quot;false&quot;,&quot;hoteller_ext_link_closed_fullmenu&quot;:&quot;false&quot;,&quot;hoteller_ext_is_scrollme&quot;:&quot;false&quot;,&quot;hoteller_ext_is_smoove&quot;:&quot;false&quot;,&quot;hoteller_ext_is_parallax_mouse&quot;:&quot;false&quot;,&quot;hoteller_ext_is_infinite&quot;:&quot;false&quot;,&quot;hoteller_ext_is_fadeout_animation&quot;:&quot;false&quot;,&quot;hoteller_ext_mobile_static&quot;:&quot;false&quot;}\" data-widget_type=\"text-editor.default\">\n\t\t\t\t<div class=\"elementor-widget-container\">\n\t\t\t\t\t\t\t\t\t<h3><strong>Allgemeine Bedingungen Ferienwohnungen<\/strong><\/h3><p><strong>RESERVIERUNGSMODUS:<\/strong><br \/>Die Reservierung ist pers\u00f6nlich und stellt einen freien Vertrag zwischen den Parteien dar. Reservierungsanfragen m\u00fcssen per Fax oder E-Mail eingehen und sind erst nach unserer vorl\u00e4ufigen Best\u00e4tigung g\u00fcltig, in der die Verf\u00fcgbarkeit und die Modalit\u00e4ten f\u00fcr die \u00dcberweisung der Best\u00e4tigungsanzahlung angegeben werden.<\/p><p><strong>BEST\u00c4TIGUNGSANZAHLUNG:<\/strong><br \/>Es muss sp\u00e4testens 3 Tage nach dem Datum des Annahmeschreibens der Buchung auf dem angegebenen Weg eintreffen. Anschlie\u00dfend best\u00e4tigen wir die Buchung endg\u00fcltig. 40 % des Gesamtbetrages des Aufenthalts als Anzahlung.<br \/>Wir bitten Sie freundlich, den Restbetrag der gesamten Buchung sp\u00e4testens zwei Wochen vor der Anreise zu begleichen.<\/p><p><strong>RESERVIERUNGSSPESEN:<\/strong> 10,00 Euro werden in der Endabrechnung addiert.<\/p><p><strong>ENDREINIGUNG:<\/strong> 100,00 Euro Die Endreinigung am Ende des Aufenthalts beinhaltet nicht die Reinigung der Kochnische und des K\u00fcchenzubeh\u00f6rs, die bei der Abreise sauber zur\u00fcckgegeben werden m\u00fcssen, andernfalls wird eine Geb\u00fchr von 15,00 Euro berechnet.<br \/>Die Belegung der Wohnstrukturen ist auf die Anzahl der angegebenen Schlafpl\u00e4tze beschr\u00e4nkt, unabh\u00e4ngig davon, ob es sich um Erwachsene, Kinder oder S\u00e4uglinge handelt. Die Verwaltung stellt auf Anfrage des Kunden kostenlos Kinderbetten oder Bettgitter (f\u00fcr Einzelbetten) zur Verf\u00fcgung.<\/p><p><strong>VERS\u00c4UMNISSE UND FR\u00dcHZEITIGE ABREISEN:<\/strong><br \/>Der gesamte gebuchte und best\u00e4tigte Zeitraum wird in vollem Umfang berechnet und muss auch im Falle einer versp\u00e4teten Anreise oder einer vorzeitigen Abreise bezahlt werden. Die mit der Reservierung festgelegten Termine sind verbindlich, die Wohneinheiten stehen dem Kunden bis 24:00 Uhr am Anreisetag zur Verf\u00fcgung.<\/p><p><strong>STORNOBEDINGUNGEN<br \/><\/strong>Im Falle einer Stornierung der Reservierung wird die Anzahlung auf folgende Weise zur\u00fcckerstattet:<br \/>&#8211; mindestens 90 Tage vor Anreise: 100 % R\u00fcckerstattung;<br \/>&#8211; mindestens 45 Tage vor Anreise: 50 % R\u00fcckerstattung;<br \/>&#8211; zwischen 45 und 14 Tagen vor Anreise: die Anzahlung wird nicht zur\u00fcckerstattet;<br \/>&#8211; Nach Ablauf dieser Frist oder bei Nichterscheinen des Kunden wird der Gesamtbetrag der Reservierung in Rechnung gestellt.<\/p><p><strong>Check-in: &gt; 16:30<\/strong><br \/><strong>Check-out: &lt; 09:30<\/strong><\/p><p>Die Aufenthalte beginnen ab 16:00 Uhr am Anreisetag und enden um 10:00 Uhr am Abreisetag. Die Wohneinheiten werden komplett ausgestattet mit allen im Inventar aufgef\u00fchrten Zubeh\u00f6rteilen und M\u00f6beln geliefert. Abweichungen, Beschwerden, Defekte oder Sch\u00e4den m\u00fcssen umgehend der Verwaltung gemeldet werden.<\/p><p><strong>KONTROLLVERFAHREN:<\/strong><br \/>Am Tag vor der Abreise zu den vereinbarten Zeiten wird das Personal eine Inspektion durchf\u00fchren, um sicherzustellen, dass die Wohneinheit in einwandfreiem Zustand und ohne jegliche Sch\u00e4den hinterlassen wird.<\/p><p><strong>ZAHLUNGSBEDINGUNGEN:<\/strong><br \/>Die Zahlung muss per Bank\u00fcberweisung 14 Tage vor der Anreise erfolgen.<br \/>N.B.: Diese Bedingungen und Verfahren sind integraler Bestandteil des Aufenthaltsvertrags und werden ausdr\u00fccklich bei Unterzeichnung des Buchungs- oder Registrierungsformulars akzeptiert.<\/p>\t\t\t\t\t\t\t\t<\/div>\n\t\t\t\t<\/div>\n\t\t\t\t\t<\/div>\n\t\t<\/div>\n\t\t\t\t\t<\/div>\n\t\t<\/section>\n\t\t\t\t<\/div>\n\t\t","protected":false},"excerpt":{"rendered":"<p>Reservieren Allgemeine Bedingungen Ferienwohnungen RESERVIERUNGSMODUS:Die Reservierung ist pers\u00f6nlich und stellt einen freien Vertrag zwischen den Parteien dar. Reservierungsanfragen m\u00fcssen per Fax oder E-Mail eingehen und sind erst nach unserer vorl\u00e4ufigen Best\u00e4tigung g\u00fcltig, in der die Verf\u00fcgbarkeit und die Modalit\u00e4ten f\u00fcr [&hellip;]<\/p>\n","protected":false},"author":1,"featured_media":0,"parent":0,"menu_order":0,"comment_status":"closed","ping_status":"closed","template":"elementor_header_footer","meta":{"footnotes":""},"class_list":["post-1355","page","type-page","status-publish","hentry"],"_links":{"self":[{"href":"https:\/\/www.stelledilacona.it\/de\/wp-json\/wp\/v2\/pages\/1355","targetHints":{"allow":["GET"]}}],"collection":[{"href":"https:\/\/www.stelledilacona.it\/de\/wp-json\/wp\/v2\/pages"}],"about":[{"href":"https:\/\/www.stelledilacona.it\/de\/wp-json\/wp\/v2\/types\/page"}],"author":[{"embeddable":true,"href":"https:\/\/www.stelledilacona.it\/de\/wp-json\/wp\/v2\/users\/1"}],"replies":[{"embeddable":true,"href":"https:\/\/www.stelledilacona.it\/de\/wp-json\/wp\/v2\/comments?post=1355"}],"version-history":[{"count":5,"href":"https:\/\/www.stelledilacona.it\/de\/wp-json\/wp\/v2\/pages\/1355\/revisions"}],"predecessor-version":[{"id":3054,"href":"https:\/\/www.stelledilacona.it\/de\/wp-json\/wp\/v2\/pages\/1355\/revisions\/3054"}],"wp:attachment":[{"href":"https:\/\/www.stelledilacona.it\/de\/wp-json\/wp\/v2\/media?parent=1355"}],"curies":[{"name":"wp","href":"https:\/\/api.w.org\/{rel}","templated":true}]}}